{"id":77,"date":"2020-03-03T07:21:51","date_gmt":"2020-03-03T06:21:51","guid":{"rendered":"https:\/\/strona.infosun.eu\/index.php\/about\/"},"modified":"2023-10-19T13:58:36","modified_gmt":"2023-10-19T11:58:36","slug":"o-nas","status":"publish","type":"page","link":"https:\/\/www.naguteraapia.pl\/index.php\/o-nas\/","title":{"rendered":"O N\u00e4gu"},"content":{"rendered":"\t\t<div data-elementor-type=\"wp-page\" data-elementor-id=\"77\" class=\"elementor elementor-77\">\n\t\t\t\t\t\t<div class=\"elementor-inner\">\n\t\t\t\t<div class=\"elementor-section-wrap\">\n\t\t\t\t\t\t\t\t\t<section class=\"elementor-section elementor-top-section elementor-element elementor-element-462e974 elementor-reverse-tablet elementor-reverse-mobile elementor-section-boxed elementor-section-height-default elementor-section-height-default\" data-id=\"462e974\" data-element_type=\"section\">\n\t\t\t\t\t\t<div class=\"elementor-container elementor-column-gap-default\">\n\t\t\t\t\t\t\t<div class=\"elementor-row\">\n\t\t\t\t\t<div class=\"aux-parallax-section elementor-column elementor-col-50 elementor-top-column elementor-element elementor-element-7aab943\" data-id=\"7aab943\" data-element_type=\"column\">\n\t\t\t<div class=\"elementor-column-wrap elementor-element-populated\">\n\t\t\t\t\t\t\t<div class=\"elementor-widget-wrap\">\n\t\t\t\t\t\t<div class=\"elementor-element elementor-element-ed02dcb aux-appear-watch-animation aux-fade-in-up elementor-widget elementor-widget-aux_modern_heading\" data-id=\"ed02dcb\" data-element_type=\"widget\" data-widget_type=\"aux_modern_heading.default\">\n\t\t\t\t<div class=\"elementor-widget-container\">\n\t\t\t<section class=\"aux-widget-modern-heading\">\n            <div class=\"aux-widget-inner\"><h2 class=\"aux-modern-heading-primary\">O terapii N\u00c4gu<\/h2><\/div>\n        <\/section>\t\t<\/div>\n\t\t\t\t<\/div>\n\t\t\t\t<div class=\"elementor-element elementor-element-5438aa1 aux-appear-watch-animation aux-fade-in-up elementor-widget elementor-widget-aux_modern_heading\" data-id=\"5438aa1\" data-element_type=\"widget\" data-widget_type=\"aux_modern_heading.default\">\n\t\t\t\t<div class=\"elementor-widget-container\">\n\t\t\t<section class=\"aux-widget-modern-heading\">\n            <div class=\"aux-widget-inner\"><h2 class=\"aux-modern-heading-primary\">Nazwa pochodzi z j\u0119zyka esto\u0144skiego oznaczaj\u0105cego terapi\u0119 twarzy<\/h2><\/div>\n        <\/section>\t\t<\/div>\n\t\t\t\t<\/div>\n\t\t\t\t<div class=\"elementor-element elementor-element-9de5158 aux-appear-watch-animation aux-fade-in-up elementor-widget elementor-widget-aux_modern_heading\" data-id=\"9de5158\" data-element_type=\"widget\" data-widget_type=\"aux_modern_heading.default\">\n\t\t\t\t<div class=\"elementor-widget-container\">\n\t\t\t<section class=\"aux-widget-modern-heading\">\n            <div class=\"aux-widget-inner\"><h2 class=\"aux-modern-heading-primary\"><\/h2><div class=\"aux-modern-heading-description\"><p>Manualna terapia twarzy to przede wszystkim moja pasja, kt\u00f3ra sta\u0142a si\u0119 moj\u0105 prac\u0105. Wk\u0142adam w terapi\u0119 serce, wiedz\u0119 , kt\u00f3r\u0105 wci\u0105\u017c pog\u0142\u0119biam uczestnicz\u0105c w kursach oraz warsztatach. Dzi\u0119ki wiedzy i praktyce podchodz\u0119 do ka\u017cdego pacjenta indywidualnie i holistycznie tak aby terapia manualna b\u0105d\u017a \u0142\u0105czenie kilku terapii da\u0142o jak najlepsze efekty.<br \/>Zale\u017cy mi na holistycznym podej\u015bciu poniewa\u017c na twarzy, na kt\u00f3rej cz\u0119sto najbardziej nam zale\u017cy pokazuje si\u0119 wszystkie napi\u0119cia, kt\u00f3re nagromadzi\u0142y si\u0119 w ciele .<\/p><\/div><\/div>\n        <\/section>\t\t<\/div>\n\t\t\t\t<\/div>\n\t\t\t\t<div class=\"elementor-element elementor-element-b7330ce aux-appear-watch-animation aux-fade-in-up elementor-widget elementor-widget-aux_modern_heading\" data-id=\"b7330ce\" data-element_type=\"widget\" data-widget_type=\"aux_modern_heading.default\">\n\t\t\t\t<div class=\"elementor-widget-container\">\n\t\t\t<section class=\"aux-widget-modern-heading\">\n            <div class=\"aux-widget-inner\"><h2 class=\"aux-modern-heading-primary\">Pi\u0119kno i spok\u00f3j s\u0105 w nas. Pozw\u00f3lmy  sobie na chwil\u0119 ukojenia i roz\u0142adowania towarzysz\u0105cych nam napi\u0119\u0107. <\/h2><\/div>\n        <\/section>\t\t<\/div>\n\t\t\t\t<\/div>\n\t\t\t\t<div class=\"elementor-element elementor-element-f465336 elementor-widget__width-auto elementor-hidden-phone aux-appear-watch-animation aux-mask-from-left elementor-widget elementor-widget-aux_image\" data-id=\"f465336\" data-element_type=\"widget\" data-widget_type=\"aux_image.default\">\n\t\t\t\t<div class=\"elementor-widget-container\">\n\t\t\t<section class=\"widget-container aux-widget-image aux-alignnone aux-parent-au74a348d9\">\n    <div class=\"aux-media-hint-frame \">\n        <div class=\"aux-media-image \" >\n        \n            \n\n            \n            <img loading=\"lazy\" decoding=\"async\" width=\"394\" height=\"322\" src=\"https:\/\/www.naguteraapia.pl\/wp-content\/uploads\/2020\/03\/Signature-40x33.png\" class=\"aux-attachment aux-featured-image aux-attachment-id-34 aux-preload aux-has-preview\" alt=\"demo-attachment-860-Signature\" data-ratio=\"1.22\" data-original-w=\"394\" data-src=\"https:\/\/www.naguteraapia.pl\/wp-content\/uploads\/2020\/03\/Signature.png\" \/>            \n                <\/div>\n    <\/div>\n\n<\/section><!-- widget-container -->\t\t<\/div>\n\t\t\t\t<\/div>\n\t\t\t\t<div class=\"elementor-element elementor-element-f089ef1 elementor-hidden-tablet elementor-hidden-phone aux-appear-watch-animation aux-fade-in-left-1 elementor-widget elementor-widget-aux_simple_svg\" data-id=\"f089ef1\" data-element_type=\"widget\" data-widget_type=\"aux_simple_svg.default\">\n\t\t\t\t<div class=\"elementor-widget-container\">\n\t\t\t    <div class=\"aux-widget-container aux-simple-svg-container\">\n        <div class=\"aux-widget-container-inner\">\n            <div class=\"aux-the-svg\"> <svg width=\"596\" height=\"786\">\n  <rect x=\"0\" y=\"0\" rx=\"0\" ry=\"0\" width=\"596\" height=\"786\" style=\"fill:#f6f6f6;opacity:1\" \/>\n<\/svg> <\/div>\n        <\/div>\n    <\/div>\n    \t\t<\/div>\n\t\t\t\t<\/div>\n\t\t\t\t\t\t<\/div>\n\t\t\t\t\t<\/div>\n\t\t<\/div>\n\t\t\t\t<div class=\"aux-parallax-section elementor-column elementor-col-50 elementor-top-column elementor-element elementor-element-dd44cd4\" data-id=\"dd44cd4\" data-element_type=\"column\">\n\t\t\t<div class=\"elementor-column-wrap elementor-element-populated\">\n\t\t\t\t\t\t\t<div class=\"elementor-widget-wrap\">\n\t\t\t\t\t\t<div class=\"elementor-element elementor-element-b9054c0 aux-appear-watch-animation aux-mask-from-left elementor-widget elementor-widget-aux_image\" data-id=\"b9054c0\" data-element_type=\"widget\" data-widget_type=\"aux_image.default\">\n\t\t\t\t<div class=\"elementor-widget-container\">\n\t\t\t<section class=\"widget-container aux-widget-image aux-alignnone aux-parent-au952644c7\">\n    <div class=\"aux-media-hint-frame \">\n        <div class=\"aux-media-image \" >\n        \n            \n\n            \n            <img loading=\"lazy\" decoding=\"async\" width=\"900\" height=\"1024\" src=\"https:\/\/www.naguteraapia.pl\/wp-content\/uploads\/2023\/09\/image0-40x40.jpeg\" class=\"aux-attachment aux-featured-image aux-attachment-id-225 aux-preload aux-has-preview\" alt=\"image0\" data-ratio=\"1\" data-original-w=\"900\" sizes=\"auto\" data-srcset=\"https:\/\/www.naguteraapia.pl\/wp-content\/uploads\/2023\/09\/image0-150x150.jpeg 150w,https:\/\/www.naguteraapia.pl\/wp-content\/uploads\/2023\/09\/image0-300x300.jpeg 300w,https:\/\/www.naguteraapia.pl\/wp-content\/uploads\/2023\/09\/image0-768x768.jpeg 768w,https:\/\/www.naguteraapia.pl\/wp-content\/uploads\/2023\/09\/image0-900x1024.jpeg 900w\" data-src=\"https:\/\/www.naguteraapia.pl\/wp-content\/uploads\/2023\/09\/image0-900x1024.jpeg\" \/>            \n                <\/div>\n    <\/div>\n\n<\/section><!-- widget-container -->\t\t<\/div>\n\t\t\t\t<\/div>\n\t\t\t\t\t\t<\/div>\n\t\t\t\t\t<\/div>\n\t\t<\/div>\n\t\t\t\t\t\t\t\t<\/div>\n\t\t\t\t\t<\/div>\n\t\t<\/section>\n\t\t\t\t<section class=\"elementor-section elementor-top-section elementor-element elementor-element-392cd22 elementor-section-boxed elementor-section-height-default elementor-section-height-default\" data-id=\"392cd22\" data-element_type=\"section\">\n\t\t\t\t\t\t<div class=\"elementor-container elementor-column-gap-default\">\n\t\t\t\t\t\t\t<div class=\"elementor-row\">\n\t\t\t\t\t<div class=\"aux-parallax-section elementor-column elementor-col-100 elementor-top-column elementor-element elementor-element-269fe0c\" data-id=\"269fe0c\" data-element_type=\"column\">\n\t\t\t<div class=\"elementor-column-wrap elementor-element-populated\">\n\t\t\t\t\t\t\t<div class=\"elementor-widget-wrap\">\n\t\t\t\t\t\t<div class=\"elementor-element elementor-element-b1d6aa1 elementor-widget elementor-widget-text-editor\" data-id=\"b1d6aa1\" data-element_type=\"widget\" data-widget_type=\"text-editor.default\">\n\t\t\t\t<div class=\"elementor-widget-container\">\n\t\t\t\t\t\t\t\t<div class=\"elementor-text-editor elementor-clearfix\">\n\t\t\t\t<p>Dlatego te\u017c cz\u0119sto poszerzam terapie o refleksologi\u0119, masa\u017c powi\u0119ziowy, masa\u017c transbukalny, pinezkowanie oraz mioplastyk\u0119.<br \/>Pr\u00f3cz efekt\u00f3w takich jak popraw\u0119 struktury sk\u00f3ry, dotlenienie, od\u017cywienie, poprawy owalu, sp\u0142ycenie zmarszczek zale\u017cy mi na zmniejszeniu napi\u0119cia w obr\u0119bie stop, plec\u00f3w, obr\u0119czy barkowej i g\u0142owy. \u0141\u0105czenie r\u00f3\u017cnych terapii manualnej pozwala moim pacjenta cieszy\u0107 si\u0119 efektami oraz poczu\u0107 g\u0142\u0119bokie rozlu\u017anienie napi\u0119\u0107 i relaksacj\u0119 w trakcie zabiegu.<br \/>Wykonuj\u0105c zabiegi k\u0142ad\u0119 nacisk na indywidualne podej\u015bcie oraz bezpiecze\u0144stwo mojego pacjenta. Terapia manualna dobierana jest indywidualnie do potrzeb pacjenta. Dzi\u0119ki praktyce i wiedzy jestem w stanie zaproponowa\u0107 bezpieczny i efektywny zabieg dla ka\u017cdego niezale\u017cnie od wieku.<\/p>\t\t\t\t\t<\/div>\n\t\t\t\t\t\t<\/div>\n\t\t\t\t<\/div>\n\t\t\t\t\t\t<\/div>\n\t\t\t\t\t<\/div>\n\t\t<\/div>\n\t\t\t\t\t\t\t\t<\/div>\n\t\t\t\t\t<\/div>\n\t\t<\/section>\n\t\t\t\t<section class=\"elementor-section elementor-top-section elementor-element elementor-element-3ec072b elementor-section-boxed elementor-section-height-default elementor-section-height-default\" data-id=\"3ec072b\" data-element_type=\"section\">\n\t\t\t\t\t\t<div class=\"elementor-container elementor-column-gap-default\">\n\t\t\t\t\t\t\t<div class=\"elementor-row\">\n\t\t\t\t\t<div class=\"aux-parallax-section elementor-column elementor-col-100 elementor-top-column elementor-element elementor-element-5c07e72\" data-id=\"5c07e72\" data-element_type=\"column\">\n\t\t\t<div class=\"elementor-column-wrap elementor-element-populated\">\n\t\t\t\t\t\t\t<div class=\"elementor-widget-wrap\">\n\t\t\t\t\t\t<div class=\"elementor-element elementor-element-001cf71 elementor-widget elementor-widget-image-gallery\" data-id=\"001cf71\" data-element_type=\"widget\" data-widget_type=\"image-gallery.default\">\n\t\t\t\t<div class=\"elementor-widget-container\">\n\t\t\t\t\t<div class=\"elementor-image-gallery\">\n\t\t\t<div id='gallery-1' class='gallery galleryid-77 gallery-columns-5 gallery-size-medium'><figure class='gallery-item'>\n\t\t\t<div class='gallery-icon landscape'>\n\t\t\t\t<a data-elementor-open-lightbox=\"yes\" data-elementor-lightbox-slideshow=\"001cf71\" data-elementor-lightbox-title=\"0A7EB15D-BC79-4376-9237-95FD65605D73\" data-e-action-hash=\"#elementor-action%3Aaction%3Dlightbox%26settings%3DeyJpZCI6Mjc5LCJ1cmwiOiJodHRwczpcL1wvd3d3Lm5hZ3V0ZXJhYXBpYS5wbFwvd3AtY29udGVudFwvdXBsb2Fkc1wvMjAyM1wvMDlcLzBBN0VCMTVELUJDNzktNDM3Ni05MjM3LTk1RkQ2NTYwNUQ3My1zY2FsZWQuanBlZyIsInNsaWRlc2hvdyI6IjAwMWNmNzEifQ%3D%3D\" href='https:\/\/www.naguteraapia.pl\/wp-content\/uploads\/2023\/09\/0A7EB15D-BC79-4376-9237-95FD65605D73-scaled.jpeg'><img loading=\"lazy\" decoding=\"async\" width=\"300\" height=\"300\" src=\"https:\/\/www.naguteraapia.pl\/wp-content\/uploads\/2023\/09\/0A7EB15D-BC79-4376-9237-95FD65605D73-300x300.jpeg\" class=\"attachment-medium size-medium\" alt=\"\" srcset=\"https:\/\/www.naguteraapia.pl\/wp-content\/uploads\/2023\/09\/0A7EB15D-BC79-4376-9237-95FD65605D73-300x300.jpeg 300w, https:\/\/www.naguteraapia.pl\/wp-content\/uploads\/2023\/09\/0A7EB15D-BC79-4376-9237-95FD65605D73-1024x1024.jpeg 1024w, https:\/\/www.naguteraapia.pl\/wp-content\/uploads\/2023\/09\/0A7EB15D-BC79-4376-9237-95FD65605D73-150x150.jpeg 150w, https:\/\/www.naguteraapia.pl\/wp-content\/uploads\/2023\/09\/0A7EB15D-BC79-4376-9237-95FD65605D73-768x768.jpeg 768w\" sizes=\"auto, (max-width: 300px) 100vw, 300px\" \/><\/a>\n\t\t\t<\/div><\/figure><figure class='gallery-item'>\n\t\t\t<div class='gallery-icon portrait'>\n\t\t\t\t<a data-elementor-open-lightbox=\"yes\" data-elementor-lightbox-slideshow=\"001cf71\" data-elementor-lightbox-title=\"3883ECDB-8C91-4D84-BF7B-D31044B2B671\" data-e-action-hash=\"#elementor-action%3Aaction%3Dlightbox%26settings%3DeyJpZCI6MjgwLCJ1cmwiOiJodHRwczpcL1wvd3d3Lm5hZ3V0ZXJhYXBpYS5wbFwvd3AtY29udGVudFwvdXBsb2Fkc1wvMjAyM1wvMDlcLzM4ODNFQ0RCLThDOTEtNEQ4NC1CRjdCLUQzMTA0NEIyQjY3MS1zY2FsZWQuanBlZyIsInNsaWRlc2hvdyI6IjAwMWNmNzEifQ%3D%3D\" href='https:\/\/www.naguteraapia.pl\/wp-content\/uploads\/2023\/09\/3883ECDB-8C91-4D84-BF7B-D31044B2B671-scaled.jpeg'><img loading=\"lazy\" decoding=\"async\" width=\"300\" height=\"300\" src=\"https:\/\/www.naguteraapia.pl\/wp-content\/uploads\/2023\/09\/3883ECDB-8C91-4D84-BF7B-D31044B2B671-300x300.jpeg\" class=\"attachment-medium size-medium\" alt=\"\" srcset=\"https:\/\/www.naguteraapia.pl\/wp-content\/uploads\/2023\/09\/3883ECDB-8C91-4D84-BF7B-D31044B2B671-300x300.jpeg 300w, https:\/\/www.naguteraapia.pl\/wp-content\/uploads\/2023\/09\/3883ECDB-8C91-4D84-BF7B-D31044B2B671-1024x1024.jpeg 1024w, https:\/\/www.naguteraapia.pl\/wp-content\/uploads\/2023\/09\/3883ECDB-8C91-4D84-BF7B-D31044B2B671-150x150.jpeg 150w, https:\/\/www.naguteraapia.pl\/wp-content\/uploads\/2023\/09\/3883ECDB-8C91-4D84-BF7B-D31044B2B671-768x768.jpeg 768w\" sizes=\"auto, (max-width: 300px) 100vw, 300px\" \/><\/a>\n\t\t\t<\/div><\/figure><figure class='gallery-item'>\n\t\t\t<div class='gallery-icon landscape'>\n\t\t\t\t<a data-elementor-open-lightbox=\"yes\" data-elementor-lightbox-slideshow=\"001cf71\" data-elementor-lightbox-title=\"B7553588-CB5D-4066-88DD-1AED2748EDAF\" data-e-action-hash=\"#elementor-action%3Aaction%3Dlightbox%26settings%3DeyJpZCI6MjgxLCJ1cmwiOiJodHRwczpcL1wvd3d3Lm5hZ3V0ZXJhYXBpYS5wbFwvd3AtY29udGVudFwvdXBsb2Fkc1wvMjAyM1wvMDlcL0I3NTUzNTg4LUNCNUQtNDA2Ni04OERELTFBRUQyNzQ4RURBRi1zY2FsZWQuanBlZyIsInNsaWRlc2hvdyI6IjAwMWNmNzEifQ%3D%3D\" href='https:\/\/www.naguteraapia.pl\/wp-content\/uploads\/2023\/09\/B7553588-CB5D-4066-88DD-1AED2748EDAF-scaled.jpeg'><img loading=\"lazy\" decoding=\"async\" width=\"300\" height=\"300\" src=\"https:\/\/www.naguteraapia.pl\/wp-content\/uploads\/2023\/09\/B7553588-CB5D-4066-88DD-1AED2748EDAF-300x300.jpeg\" class=\"attachment-medium size-medium\" alt=\"\" srcset=\"https:\/\/www.naguteraapia.pl\/wp-content\/uploads\/2023\/09\/B7553588-CB5D-4066-88DD-1AED2748EDAF-300x300.jpeg 300w, https:\/\/www.naguteraapia.pl\/wp-content\/uploads\/2023\/09\/B7553588-CB5D-4066-88DD-1AED2748EDAF-1024x1024.jpeg 1024w, https:\/\/www.naguteraapia.pl\/wp-content\/uploads\/2023\/09\/B7553588-CB5D-4066-88DD-1AED2748EDAF-150x150.jpeg 150w, https:\/\/www.naguteraapia.pl\/wp-content\/uploads\/2023\/09\/B7553588-CB5D-4066-88DD-1AED2748EDAF-768x768.jpeg 768w\" sizes=\"auto, (max-width: 300px) 100vw, 300px\" \/><\/a>\n\t\t\t<\/div><\/figure><figure class='gallery-item'>\n\t\t\t<div class='gallery-icon portrait'>\n\t\t\t\t<a data-elementor-open-lightbox=\"yes\" data-elementor-lightbox-slideshow=\"001cf71\" data-elementor-lightbox-title=\"BC7B5748-8CAF-440F-B608-1EA8E8971EB6\" data-e-action-hash=\"#elementor-action%3Aaction%3Dlightbox%26settings%3DeyJpZCI6MjgyLCJ1cmwiOiJodHRwczpcL1wvd3d3Lm5hZ3V0ZXJhYXBpYS5wbFwvd3AtY29udGVudFwvdXBsb2Fkc1wvMjAyM1wvMDlcL0JDN0I1NzQ4LThDQUYtNDQwRi1CNjA4LTFFQThFODk3MUVCNi1zY2FsZWQuanBlZyIsInNsaWRlc2hvdyI6IjAwMWNmNzEifQ%3D%3D\" href='https:\/\/www.naguteraapia.pl\/wp-content\/uploads\/2023\/09\/BC7B5748-8CAF-440F-B608-1EA8E8971EB6-scaled.jpeg'><img loading=\"lazy\" decoding=\"async\" width=\"300\" height=\"300\" src=\"https:\/\/www.naguteraapia.pl\/wp-content\/uploads\/2023\/09\/BC7B5748-8CAF-440F-B608-1EA8E8971EB6-300x300.jpeg\" class=\"attachment-medium size-medium\" alt=\"\" srcset=\"https:\/\/www.naguteraapia.pl\/wp-content\/uploads\/2023\/09\/BC7B5748-8CAF-440F-B608-1EA8E8971EB6-300x300.jpeg 300w, https:\/\/www.naguteraapia.pl\/wp-content\/uploads\/2023\/09\/BC7B5748-8CAF-440F-B608-1EA8E8971EB6-1024x1024.jpeg 1024w, https:\/\/www.naguteraapia.pl\/wp-content\/uploads\/2023\/09\/BC7B5748-8CAF-440F-B608-1EA8E8971EB6-150x150.jpeg 150w, https:\/\/www.naguteraapia.pl\/wp-content\/uploads\/2023\/09\/BC7B5748-8CAF-440F-B608-1EA8E8971EB6-768x768.jpeg 768w\" sizes=\"auto, (max-width: 300px) 100vw, 300px\" \/><\/a>\n\t\t\t<\/div><\/figure><figure class='gallery-item'>\n\t\t\t<div class='gallery-icon portrait'>\n\t\t\t\t<a data-elementor-open-lightbox=\"yes\" data-elementor-lightbox-slideshow=\"001cf71\" data-elementor-lightbox-title=\"F189769C-DE39-4F68-A69C-F43C7259A6A8\" data-e-action-hash=\"#elementor-action%3Aaction%3Dlightbox%26settings%3DeyJpZCI6MjgzLCJ1cmwiOiJodHRwczpcL1wvd3d3Lm5hZ3V0ZXJhYXBpYS5wbFwvd3AtY29udGVudFwvdXBsb2Fkc1wvMjAyM1wvMDlcL0YxODk3NjlDLURFMzktNEY2OC1BNjlDLUY0M0M3MjU5QTZBOC1zY2FsZWQuanBlZyIsInNsaWRlc2hvdyI6IjAwMWNmNzEifQ%3D%3D\" href='https:\/\/www.naguteraapia.pl\/wp-content\/uploads\/2023\/09\/F189769C-DE39-4F68-A69C-F43C7259A6A8-scaled.jpeg'><img loading=\"lazy\" decoding=\"async\" width=\"300\" height=\"300\" src=\"https:\/\/www.naguteraapia.pl\/wp-content\/uploads\/2023\/09\/F189769C-DE39-4F68-A69C-F43C7259A6A8-300x300.jpeg\" class=\"attachment-medium size-medium\" alt=\"\" srcset=\"https:\/\/www.naguteraapia.pl\/wp-content\/uploads\/2023\/09\/F189769C-DE39-4F68-A69C-F43C7259A6A8-300x300.jpeg 300w, https:\/\/www.naguteraapia.pl\/wp-content\/uploads\/2023\/09\/F189769C-DE39-4F68-A69C-F43C7259A6A8-1024x1024.jpeg 1024w, https:\/\/www.naguteraapia.pl\/wp-content\/uploads\/2023\/09\/F189769C-DE39-4F68-A69C-F43C7259A6A8-150x150.jpeg 150w, https:\/\/www.naguteraapia.pl\/wp-content\/uploads\/2023\/09\/F189769C-DE39-4F68-A69C-F43C7259A6A8-768x768.jpeg 768w\" sizes=\"auto, (max-width: 300px) 100vw, 300px\" \/><\/a>\n\t\t\t<\/div><\/figure>\n\t\t<\/div>\n\t\t<\/div>\n\t\t\t\t<\/div>\n\t\t\t\t<\/div>\n\t\t\t\t\t\t<\/div>\n\t\t\t\t\t<\/div>\n\t\t<\/div>\n\t\t\t\t\t\t\t\t<\/div>\n\t\t\t\t\t<\/div>\n\t\t<\/section>\n\t\t\t\t\t\t\t\t\t<\/div>\n\t\t\t<\/div>\n\t\t\t\t\t<\/div>\n\t\t","protected":false},"excerpt":{"rendered":"<p>O terapii N\u00c4gu Nazwa pochodzi z j\u0119zyka esto\u0144skiego oznaczaj\u0105cego terapi\u0119 twarzy Manualna terapia twarzy to przede wszystkim moja pasja, kt\u00f3ra sta\u0142a si\u0119 moj\u0105 prac\u0105. Wk\u0142adam w terapi\u0119 serce, wiedz\u0119 , kt\u00f3r\u0105 wci\u0105\u017c pog\u0142\u0119biam uczestnicz\u0105c w kursach oraz warsztatach. Dzi\u0119ki wiedzy i praktyce podchodz\u0119 do ka\u017cdego pacjenta indywidualnie i holistycznie tak aby terapia manualna b\u0105d\u017a \u0142\u0105czenie [&hellip;]<\/p>\n","protected":false},"author":1,"featured_media":0,"parent":0,"menu_order":0,"comment_status":"closed","ping_status":"closed","template":"templates\/page-builder-content.php","meta":{"footnotes":""},"class_list":["post-77","page","type-page","status-publish","hentry"],"_links":{"self":[{"href":"https:\/\/www.naguteraapia.pl\/index.php\/wp-json\/wp\/v2\/pages\/77","targetHints":{"allow":["GET"]}}],"collection":[{"href":"https:\/\/www.naguteraapia.pl\/index.php\/wp-json\/wp\/v2\/pages"}],"about":[{"href":"https:\/\/www.naguteraapia.pl\/index.php\/wp-json\/wp\/v2\/types\/page"}],"author":[{"embeddable":true,"href":"https:\/\/www.naguteraapia.pl\/index.php\/wp-json\/wp\/v2\/users\/1"}],"replies":[{"embeddable":true,"href":"https:\/\/www.naguteraapia.pl\/index.php\/wp-json\/wp\/v2\/comments?post=77"}],"version-history":[{"count":56,"href":"https:\/\/www.naguteraapia.pl\/index.php\/wp-json\/wp\/v2\/pages\/77\/revisions"}],"predecessor-version":[{"id":461,"href":"https:\/\/www.naguteraapia.pl\/index.php\/wp-json\/wp\/v2\/pages\/77\/revisions\/461"}],"wp:attachment":[{"href":"https:\/\/www.naguteraapia.pl\/index.php\/wp-json\/wp\/v2\/media?parent=77"}],"curies":[{"name":"wp","href":"https:\/\/api.w.org\/{rel}","templated":true}]}}